{"id":337,"date":"2022-08-11T01:08:49","date_gmt":"2022-08-10T23:08:49","guid":{"rendered":"https:\/\/digibook.patrikrosa.sk\/?page_id=337"},"modified":"2022-08-11T01:08:50","modified_gmt":"2022-08-10T23:08:50","slug":"authors","status":"publish","type":"page","link":"https:\/\/digibook.patrikrosa.sk\/sk\/authors\/","title":{"rendered":"Autori"},"content":{"rendered":"<div id=\"wppb-builder-container\" class=\"wppb-builder-container\">                <div  class=\"wppb-row-parent  wppb-row-1643806689458\"  >\n\t\t\t\t\t\n\t\t\t\t\t\t\t\t\t\t\n\t\t\t\t\t\t\t\t\t\t\n\t\t\t\t\t<div class=\"wppb-container\">\n\t\t\t\t\t\t\t\t\t\t\t\t\t\n                        <div class=\"wppb-row\">\n\t\t\t\t\t\t\t                                    <div  class=\"wppb-column-parent wppb-column-parent-view wppb-col-1643806689457\"  >\n                                        <div class=\"wppb-column\">\n\t\t\t\t\t\n\t\t\t\t\t\t\t\t\t\t\t\n                                            <div class=\"wppb-builder-addons\">\n\t\t\t\t\t\t\t\t\t\t\t\t<div class='wppb-builder-addon wppb-widget-1643806896259 wppb-addon-1643806896259'  data-addon-id='1643806896259'><div class='wppb-widget'><ul class=\"taglist\"><li><a href=\"https:\/\/digibook.patrikrosa.sk\/sk\/reviews\/authors\/abigail-ellsworthova\/\">Abigail Ellsworthov\u00e1<\/a><\/li><li><a href=\"https:\/\/digibook.patrikrosa.sk\/sk\/reviews\/authors\/alexandr-belajev\/\">Alexandr Be\u013eajev<\/a><\/li><li><a href=\"https:\/\/digibook.patrikrosa.sk\/sk\/reviews\/authors\/alfred-assolant\/\">Alfred Assolant<\/a><\/li><li><a href=\"https:\/\/digibook.patrikrosa.sk\/sk\/reviews\/authors\/allan-pease\/\">Allan Pease<\/a><\/li><li><a href=\"https:\/\/digibook.patrikrosa.sk\/sk\/reviews\/authors\/carson-tatova\/\">Carson Tatov\u00e1<\/a><\/li><li><a href=\"https:\/\/digibook.patrikrosa.sk\/sk\/reviews\/authors\/chris-mcnab\/\">Chris McNab<\/a><\/li><li><a href=\"https:\/\/digibook.patrikrosa.sk\/sk\/reviews\/authors\/daniel-sieberg\/\">Daniel Sieberg<\/a><\/li><li><a href=\"https:\/\/digibook.patrikrosa.sk\/sk\/reviews\/authors\/emmanuel-hadjiandreou\/\">Emmanuel Hadjiandreou<\/a><\/li><li><a href=\"https:\/\/digibook.patrikrosa.sk\/sk\/reviews\/authors\/enkelmann-nikolaus-b\/\">Enkelmann Nikolaus B.<\/a><\/li><li><a href=\"https:\/\/digibook.patrikrosa.sk\/sk\/reviews\/authors\/gunther-sator\/\">Gunther Sator<\/a><\/li><li><a href=\"https:\/\/digibook.patrikrosa.sk\/sk\/reviews\/authors\/jack-canfield\/\">Jack Canfield<\/a><\/li><li><a href=\"https:\/\/digibook.patrikrosa.sk\/sk\/reviews\/authors\/janette-rainwater\/\">Janette Rainwater<\/a><\/li><li><a href=\"https:\/\/digibook.patrikrosa.sk\/sk\/reviews\/authors\/jozef-repko\/\">Jozef Repko<\/a><\/li><li><a href=\"https:\/\/digibook.patrikrosa.sk\/sk\/reviews\/authors\/ken-whyld\/\">Ken Whyld<\/a><\/li><li><a href=\"https:\/\/digibook.patrikrosa.sk\/sk\/reviews\/authors\/klaus-merg\/\">Klaus Merg<\/a><\/li><li><a href=\"https:\/\/digibook.patrikrosa.sk\/sk\/reviews\/authors\/ladislav-spacek\/\">Ladislav \u0160pa\u010dek<\/a><\/li><li><a href=\"https:\/\/digibook.patrikrosa.sk\/sk\/reviews\/authors\/libor-cinka\/\">Libor \u010cinka<\/a><\/li><li><a href=\"https:\/\/digibook.patrikrosa.sk\/sk\/reviews\/authors\/mark-victor-hansen\/\">Mark Victor Hansen<\/a><\/li><li><a href=\"https:\/\/digibook.patrikrosa.sk\/sk\/reviews\/authors\/mayne-reid\/\">Mayne Reid<\/a><\/li><li><a href=\"https:\/\/digibook.patrikrosa.sk\/sk\/reviews\/authors\/michal-martoch\/\">Michal Martoch<\/a><\/li><li><a href=\"https:\/\/digibook.patrikrosa.sk\/sk\/reviews\/authors\/monika-kramer\/\">Monika Kr\u00e4mer<\/a><\/li><li><a href=\"https:\/\/digibook.patrikrosa.sk\/sk\/reviews\/authors\/nick-evans\/\">Nick Evans<\/a><\/li><li><a href=\"https:\/\/digibook.patrikrosa.sk\/sk\/reviews\/authors\/peter-fort\/\">Peter Fo\u0159t<\/a><\/li><li><a href=\"https:\/\/digibook.patrikrosa.sk\/sk\/reviews\/authors\/peter-kreinberg\/\">Peter Kreinberg<\/a><\/li><li><a href=\"https:\/\/digibook.patrikrosa.sk\/sk\/reviews\/authors\/prim-mudr-karel-nespor-csc\/\">Prim. MUDr. Karel NE\u0160POR CSc.<\/a><\/li><li><a href=\"https:\/\/digibook.patrikrosa.sk\/sk\/reviews\/authors\/richard-gilbert\/\">Richard Gilbert<\/a><\/li><li><a href=\"https:\/\/digibook.patrikrosa.sk\/sk\/reviews\/authors\/robert-jackson\/\">Robert Jackson<\/a><\/li><li><a href=\"https:\/\/digibook.patrikrosa.sk\/sk\/reviews\/authors\/sarka-pitrova\/\">\u0160\u00e1rka Pitrov\u00e1<\/a><\/li><li><a href=\"https:\/\/digibook.patrikrosa.sk\/sk\/reviews\/authors\/scott-kelby\/\">Scott Kelby<\/a><\/li><li><a href=\"https:\/\/digibook.patrikrosa.sk\/sk\/reviews\/authors\/sir-arthur-conan-doyle\/\">sir Arthur Conan Doyle<\/a><\/li><li><a href=\"https:\/\/digibook.patrikrosa.sk\/sk\/reviews\/authors\/steven-raichlen\/\">Steven Raichlen<\/a><\/li><li><a href=\"https:\/\/digibook.patrikrosa.sk\/sk\/reviews\/authors\/tomas-kaspar\/\">Tom\u00e1\u0161 Ka\u0161par<\/a><\/li><li><a href=\"https:\/\/digibook.patrikrosa.sk\/sk\/reviews\/authors\/tomas-novak\/\">Tom\u00e1\u0161 Nov\u00e1k<\/a><\/li><li><a href=\"https:\/\/digibook.patrikrosa.sk\/sk\/reviews\/authors\/tony-buzan\/\">Tony Buzan<\/a><\/li><li><a href=\"https:\/\/digibook.patrikrosa.sk\/sk\/reviews\/authors\/torsten-knodel\/\">Torsten Kn\u00f6del<\/a><\/li><li><a href=\"https:\/\/digibook.patrikrosa.sk\/sk\/reviews\/authors\/vera-capponi\/\">V\u011bra Capponi<\/a><\/li><li><a href=\"https:\/\/digibook.patrikrosa.sk\/sk\/reviews\/authors\/vlastislav-toman\/\">Vlastislav Toman<\/a><\/li><li><a href=\"https:\/\/digibook.patrikrosa.sk\/sk\/reviews\/authors\/vojtech-cerny\/\">Vojt\u011bch \u010cern\u00fd<\/a><\/li><li><a href=\"https:\/\/digibook.patrikrosa.sk\/sk\/reviews\/authors\/vojtech-zamarovsky\/\">Vojtech Zamarovsk\u00fd<\/a><\/li><li><a href=\"https:\/\/digibook.patrikrosa.sk\/sk\/reviews\/authors\/walter-diem\/\">Walter Diem<\/a><\/li><li><a href=\"https:\/\/digibook.patrikrosa.sk\/sk\/reviews\/authors\/wolfgang-reichel\/\">Wolfgang Reichel<\/a><\/li><\/ul><\/div><\/div>                                            <\/div>\n                                        <\/div>\n                                    <\/div>\n\t\t\t\t\t\t\t\t\t                        <\/div>\n\n                    <\/div>\n                <\/div>\n\t\t\t\t<\/div>","protected":false},"excerpt":{"rendered":"<p>Abigail Ellsworthov\u00e1Alexandr Be\u013eajevAlfred AssolantAllan PeaseCarson Tatov\u00e1Chris McNabDaniel SiebergEmmanuel HadjiandreouEnkelmann Nikolaus B.Gunther SatorJack CanfieldJanette RainwaterJozef RepkoKen WhyldKlaus MergLadislav \u0160pa\u010dekLibor \u010cinkaMark Victor HansenMayne ReidMichal MartochMonika Kr\u00e4merNick EvansPeter Fo\u0159tPeter KreinbergPrim. MUDr. Karel NE\u0160POR CSc.Richard GilbertRobert Jackson\u0160\u00e1rka Pitrov\u00e1Scott&#46;&#46;&#46;<\/p>","protected":false},"author":1,"featured_media":0,"parent":0,"menu_order":0,"comment_status":"closed","ping_status":"closed","template":"","meta":{"footnotes":""},"class_list":["post-337","page","type-page","status-publish","hentry"],"_links":{"self":[{"href":"https:\/\/digibook.patrikrosa.sk\/sk\/wp-json\/wp\/v2\/pages\/337","targetHints":{"allow":["GET"]}}],"collection":[{"href":"https:\/\/digibook.patrikrosa.sk\/sk\/wp-json\/wp\/v2\/pages"}],"about":[{"href":"https:\/\/digibook.patrikrosa.sk\/sk\/wp-json\/wp\/v2\/types\/page"}],"author":[{"embeddable":true,"href":"https:\/\/digibook.patrikrosa.sk\/sk\/wp-json\/wp\/v2\/users\/1"}],"replies":[{"embeddable":true,"href":"https:\/\/digibook.patrikrosa.sk\/sk\/wp-json\/wp\/v2\/comments?post=337"}],"version-history":[{"count":1,"href":"https:\/\/digibook.patrikrosa.sk\/sk\/wp-json\/wp\/v2\/pages\/337\/revisions"}],"predecessor-version":[{"id":774,"href":"https:\/\/digibook.patrikrosa.sk\/sk\/wp-json\/wp\/v2\/pages\/337\/revisions\/774"}],"wp:attachment":[{"href":"https:\/\/digibook.patrikrosa.sk\/sk\/wp-json\/wp\/v2\/media?parent=337"}],"curies":[{"name":"wp","href":"https:\/\/api.w.org\/{rel}","templated":true}]}}